{"id":212,"date":"2021-09-07T17:04:35","date_gmt":"2021-09-07T17:04:35","guid":{"rendered":"https:\/\/asoguabo.com.ec\/?page_id=212"},"modified":"2024-06-25T20:39:20","modified_gmt":"2024-06-26T01:39:20","slug":"nuestra-vision-y-mision","status":"publish","type":"page","link":"https:\/\/asoguabo.com.ec\/?page_id=212","title":{"rendered":"Nuestra Visi\u00f3n y Misi\u00f3n"},"content":{"rendered":"\t\t<div data-elementor-type=\"wp-page\" data-elementor-id=\"212\" class=\"elementor elementor-212\" data-elementor-settings=\"[]\">\n\t\t\t\t\t\t\t<div class=\"elementor-section-wrap\">\n\t\t\t\t\t\t\t<section class=\"elementor-section elementor-top-section elementor-element elementor-element-f849430 elementor-section-full_width elementor-section-height-min-height elementor-section-items-top elementor-section-height-default\" data-id=\"f849430\" data-element_type=\"section\" data-settings=\"{&quot;background_background&quot;:&quot;classic&quot;}\">\n\t\t\t\t\t\t<div class=\"elementor-container elementor-column-gap-default\">\n\t\t\t\t\t<div class=\"elementor-column elementor-col-100 elementor-top-column elementor-element elementor-element-fe32bcc\" data-id=\"fe32bcc\" data-element_type=\"column\">\n\t\t\t<div class=\"elementor-widget-wrap elementor-element-populated\">\n\t\t\t\t\t\t\t\t<div class=\"elementor-element elementor-element-d5de71a elementor-invisible elementor-widget elementor-widget-heading\" data-id=\"d5de71a\" data-element_type=\"widget\" data-settings=\"{&quot;_animation&quot;:&quot;fadeInUp&quot;}\" data-widget_type=\"heading.default\">\n\t\t\t\t<div class=\"elementor-widget-container\">\n\t\t\t<style>\/*! elementor - v3.5.4 - 23-01-2022 *\/\n.elementor-heading-title{padding:0;margin:0;line-height:1}.elementor-widget-heading .elementor-heading-title[class*=elementor-size-]>a{color:inherit;font-size:inherit;line-height:inherit}.elementor-widget-heading .elementor-heading-title.elementor-size-small{font-size:15px}.elementor-widget-heading .elementor-heading-title.elementor-size-medium{font-size:19px}.elementor-widget-heading .elementor-heading-title.elementor-size-large{font-size:29px}.elementor-widget-heading .elementor-heading-title.elementor-size-xl{font-size:39px}.elementor-widget-heading .elementor-heading-title.elementor-size-xxl{font-size:59px}<\/style><h2 class=\"elementor-heading-title elementor-size-default\">NUESTRA VISI\u00d3N, MISI\u00d3N Y VALORES<\/h2>\t\t<\/div>\n\t\t\t\t<\/div>\n\t\t\t\t\t<\/div>\n\t\t<\/div>\n\t\t\t\t\t\t\t<\/div>\n\t\t<\/section>\n\t\t\t\t<section class=\"elementor-section elementor-top-section elementor-element elementor-element-ebcec45 elementor-section-full_width elementor-section-height-default elementor-section-height-default\" data-id=\"ebcec45\" data-element_type=\"section\" data-settings=\"{&quot;background_background&quot;:&quot;classic&quot;}\">\n\t\t\t\t\t\t<div class=\"elementor-container elementor-column-gap-default\">\n\t\t\t\t\t<div class=\"elementor-column elementor-col-33 elementor-top-column elementor-element elementor-element-c3b50ba\" data-id=\"c3b50ba\" data-element_type=\"column\" data-settings=\"{&quot;background_background&quot;:&quot;classic&quot;,&quot;animation&quot;:&quot;none&quot;}\">\n\t\t\t<div class=\"elementor-widget-wrap\">\n\t\t\t\t\t\t\t\t\t<\/div>\n\t\t<\/div>\n\t\t\t\t<div class=\"elementor-column elementor-col-66 elementor-top-column elementor-element elementor-element-fc0e765\" data-id=\"fc0e765\" data-element_type=\"column\">\n\t\t\t<div class=\"elementor-widget-wrap elementor-element-populated\">\n\t\t\t\t\t\t\t\t<section class=\"elementor-section elementor-inner-section elementor-element elementor-element-98550cc elementor-section-boxed elementor-section-height-default elementor-section-height-default\" data-id=\"98550cc\" data-element_type=\"section\">\n\t\t\t\t\t\t<div class=\"elementor-container elementor-column-gap-default\">\n\t\t\t\t\t<div class=\"elementor-column elementor-col-100 elementor-inner-column elementor-element elementor-element-51994dc\" data-id=\"51994dc\" data-element_type=\"column\" data-settings=\"{&quot;background_background&quot;:&quot;classic&quot;}\">\n\t\t\t<div class=\"elementor-widget-wrap elementor-element-populated\">\n\t\t\t\t\t\t\t\t<div class=\"elementor-element elementor-element-a3edcb5 elementor-invisible elementor-widget elementor-widget-text-editor\" data-id=\"a3edcb5\" data-element_type=\"widget\" data-settings=\"{&quot;_animation&quot;:&quot;fadeInLeft&quot;}\" data-widget_type=\"text-editor.default\">\n\t\t\t\t<div class=\"elementor-widget-container\">\n\t\t\t<style>\/*! elementor - v3.5.4 - 23-01-2022 *\/\n.elementor-widget-text-editor.elementor-drop-cap-view-stacked .elementor-drop-cap{background-color:#818a91;color:#fff}.elementor-widget-text-editor.elementor-drop-cap-view-framed .elementor-drop-cap{color:#818a91;border:3px solid;background-color:transparent}.elementor-widget-text-editor:not(.elementor-drop-cap-view-default) .elementor-drop-cap{margin-top:8px}.elementor-widget-text-editor:not(.elementor-drop-cap-view-default) .elementor-drop-cap-letter{width:1em;height:1em}.elementor-widget-text-editor .elementor-drop-cap{float:left;text-align:center;line-height:1;font-size:50px}.elementor-widget-text-editor .elementor-drop-cap-letter{display:inline-block}<\/style>\t\t\t\t<p>Visi\u00f3n<\/p>\t\t\t\t\t\t<\/div>\n\t\t\t\t<\/div>\n\t\t\t\t<div class=\"elementor-element elementor-element-8d9ebd1 animated-slow elementor-invisible elementor-widget elementor-widget-text-editor\" data-id=\"8d9ebd1\" data-element_type=\"widget\" data-settings=\"{&quot;_animation&quot;:&quot;fadeInLeft&quot;,&quot;_animation_delay&quot;:60}\" data-widget_type=\"text-editor.default\">\n\t\t\t\t<div class=\"elementor-widget-container\">\n\t\t\t\t\t\t\t<p>En el 2025 la Asociaci\u00f3n de Peque\u00f1os Productores Bananeros El Guabo (APPBG) es y ser\u00e1 el l\u00edder mundial en la exportaci\u00f3n de banano en el mercado de comercio justo, controlando la log\u00edstica; diversificando su gama con otros productos tropicales, siendo un modelo de organizaci\u00f3n socio-empresarial con participaci\u00f3n en las decisiones de pol\u00edticas agrarias nacionales.<\/p>\t\t\t\t\t\t<\/div>\n\t\t\t\t<\/div>\n\t\t\t\t<div class=\"elementor-element elementor-element-957c845 elementor-invisible elementor-widget elementor-widget-text-editor\" data-id=\"957c845\" data-element_type=\"widget\" data-settings=\"{&quot;_animation&quot;:&quot;fadeInLeft&quot;}\" data-widget_type=\"text-editor.default\">\n\t\t\t\t<div class=\"elementor-widget-container\">\n\t\t\t\t\t\t\t<p>Misi\u00f3n<\/p>\t\t\t\t\t\t<\/div>\n\t\t\t\t<\/div>\n\t\t\t\t<div class=\"elementor-element elementor-element-1e49afa animated-slow elementor-invisible elementor-widget elementor-widget-text-editor\" data-id=\"1e49afa\" data-element_type=\"widget\" data-settings=\"{&quot;_animation&quot;:&quot;fadeInRight&quot;,&quot;_animation_delay&quot;:80}\" data-widget_type=\"text-editor.default\">\n\t\t\t\t<div class=\"elementor-widget-container\">\n\t\t\t\t\t\t\t<p>Somos una organizaci\u00f3n de Peque\u00f1os Productores Bananeros Ecuatorianos dedicados a satisfacer las exigencias de nuestros clientes con alta calidad, amparados en el sistema de comercio justo buscando el mejoramiento de las condiciones de los socios y el mejoramiento de nuestro entorno en t\u00e9rminos sociales, ambientales y laborales.<\/p>\t\t\t\t\t\t<\/div>\n\t\t\t\t<\/div>\n\t\t\t\t\t<\/div>\n\t\t<\/div>\n\t\t\t\t\t\t\t<\/div>\n\t\t<\/section>\n\t\t\t\t\t<\/div>\n\t\t<\/div>\n\t\t\t\t\t\t\t<\/div>\n\t\t<\/section>\n\t\t\t\t<section class=\"elementor-section elementor-top-section elementor-element elementor-element-61cf383 elementor-section-full_width elementor-section-height-min-height elementor-section-height-default elementor-section-items-middle\" data-id=\"61cf383\" data-element_type=\"section\" data-settings=\"{&quot;background_background&quot;:&quot;classic&quot;,&quot;shape_divider_bottom&quot;:&quot;triangle&quot;,&quot;shape_divider_bottom_negative&quot;:&quot;yes&quot;}\">\n\t\t\t\t\t<div class=\"elementor-shape elementor-shape-bottom\" data-negative=\"true\">\n\t\t\t<svg xmlns=\"http:\/\/www.w3.org\/2000\/svg\" viewBox=\"0 0 1000 100\" preserveAspectRatio=\"none\">\n\t<path class=\"elementor-shape-fill\" d=\"M500.2,94.7L0,0v100h1000V0L500.2,94.7z\"\/>\n<\/svg>\t\t<\/div>\n\t\t\t\t\t<div class=\"elementor-container elementor-column-gap-default\">\n\t\t\t\t\t<div class=\"elementor-column elementor-col-100 elementor-top-column elementor-element elementor-element-4028966\" data-id=\"4028966\" data-element_type=\"column\">\n\t\t\t<div class=\"elementor-widget-wrap elementor-element-populated\">\n\t\t\t\t\t\t\t\t<div class=\"elementor-element elementor-element-b785af2 elementor-invisible elementor-widget elementor-widget-heading\" data-id=\"b785af2\" data-element_type=\"widget\" data-settings=\"{&quot;_animation&quot;:&quot;fadeInDown&quot;}\" data-widget_type=\"heading.default\">\n\t\t\t\t<div class=\"elementor-widget-container\">\n\t\t\t<h2 class=\"elementor-heading-title elementor-size-default\">Pol\u00edtica de Gesti\u00f3n en Control y Seguridad<\/h2>\t\t<\/div>\n\t\t\t\t<\/div>\n\t\t\t\t<div class=\"elementor-element elementor-element-91ff4cc elementor-widget elementor-widget-text-editor\" data-id=\"91ff4cc\" data-element_type=\"widget\" data-widget_type=\"text-editor.default\">\n\t\t\t\t<div class=\"elementor-widget-container\">\n\t\t\t\t\t\t\t<p>La Asociaci\u00f3n de Peque\u00f1os Productores Bananeros El Guabo ASOGUABO provee la mejor fruta tropical a los mercados internacionales, a trav\u00e9s del cumplimiento articulado de est\u00e1ndares reconocidos a nivel mundial en materia de buenas pr\u00e1cticas agr\u00edcolas, comercio justo y seguridad de la carga. ASOGUABO, se compromete mediante la presente pol\u00edtica de gesti\u00f3n en control y seguridad a mantener la integridad de sus procesos, prevenir delitos de corrupci\u00f3n, soborno, lavado de activos y otros conexos que afecten la institucionalidad de nuestra asociaci\u00f3n. Aportando al desarrollo econ\u00f3mico del pa\u00eds promoviendo el cumplimiento de requisitos legales y reglamentarios aplicables a nuestro sector, herramientas y m\u00e9todos para el cuidado y seguridad de la informaci\u00f3n y la mejora continua de nuestro SGCS BASC.<\/p>\t\t\t\t\t\t<\/div>\n\t\t\t\t<\/div>\n\t\t\t\t\t<\/div>\n\t\t<\/div>\n\t\t\t\t\t\t\t<\/div>\n\t\t<\/section>\n\t\t\t\t<section class=\"elementor-section elementor-top-section elementor-element elementor-element-e81327f elementor-section-full_width elementor-section-height-default elementor-section-height-default\" data-id=\"e81327f\" data-element_type=\"section\">\n\t\t\t\t\t\t<div class=\"elementor-container elementor-column-gap-default\">\n\t\t\t\t\t<div class=\"elementor-column elementor-col-100 elementor-top-column elementor-element elementor-element-55ae84b\" data-id=\"55ae84b\" data-element_type=\"column\">\n\t\t\t<div class=\"elementor-widget-wrap elementor-element-populated\">\n\t\t\t\t\t\t\t\t<div class=\"elementor-element elementor-element-b0a6ab2 elementor-invisible elementor-widget elementor-widget-text-editor\" data-id=\"b0a6ab2\" data-element_type=\"widget\" data-settings=\"{&quot;_animation&quot;:&quot;fadeInLeft&quot;}\" data-widget_type=\"text-editor.default\">\n\t\t\t\t<div class=\"elementor-widget-container\">\n\t\t\t\t\t\t\t<p>Nuestros Valores<\/p>\t\t\t\t\t\t<\/div>\n\t\t\t\t<\/div>\n\t\t\t\t<div class=\"elementor-element elementor-element-2e8b65e elementor-widget elementor-widget-eael-image-accordion\" data-id=\"2e8b65e\" data-element_type=\"widget\" data-widget_type=\"eael-image-accordion.default\">\n\t\t\t\t<div class=\"elementor-widget-container\">\n\t\t\t    <div class=\"eael-img-accordion accordion-direction-horizontal eael-img-accordion-horizontal-align-center eael-img-accordion-vertical-align-center\" id=\"eael-img-accordion-2e8b65e\" data-img-accordion-id=\"2e8b65e\" data-img-accordion-type=\"on-hover\">\n                    \n            <a href=\"#\/\" class=\"eael-image-accordion-hover\" style=\"background-image: url(https:\/\/asoguabo.com.ec\/wp-content\/uploads\/2021\/09\/Valores-Agua.jpg);\"  tabindex=\"0\">\n            <div class=\"overlay\">\n                <div class=\"overlay-inner\">\n                    <div class=\"overlay-inner \">\n                        <h3 class=\"img-accordion-title\">Cuidado de la Naturaleza<\/h3>                        <p><p><span style=\"font-weight: 400;\">Valorar y tratar a la naturaleza para nuestra sostenibilidad a largo plazo al producir alimentos a la vez que se establece un equilibrio ecol\u00f3gico para proteger la fertilidad del suelo o evitar problemas de plagas.<\/span><\/p><\/p>\n                    <\/div>\n                <\/div>\n            <\/div>\n            <\/a>\n                    \n            <a href=\"#\/\" class=\"eael-image-accordion-hover\" style=\"background-image: url(https:\/\/asoguabo.com.ec\/wp-content\/uploads\/2021\/09\/Capacidad-asociativa-4.jpg);\"  tabindex=\"1\">\n            <div class=\"overlay\">\n                <div class=\"overlay-inner\">\n                    <div class=\"overlay-inner \">\n                        <h3 class=\"img-accordion-title\">Democracia Participativa<\/h3>                        <p><p><span style=\"font-weight: 400;\">Actuar tomando en cuenta la opini\u00f3n de todos y cada uno de los socios, t\u00e9cnicos, personal administrativo y directivo en el logro de la Misi\u00f3n Institucional alcanzando una buena marcha de la gesti\u00f3n colectiva.<\/span><\/p><\/p>\n                    <\/div>\n                <\/div>\n            <\/div>\n            <\/a>\n                    \n            <a href=\"#\/\" class=\"eael-image-accordion-hover\" style=\"background-image: url(https:\/\/asoguabo.com.ec\/wp-content\/uploads\/2021\/09\/Empatia.jpg);\"  tabindex=\"2\">\n            <div class=\"overlay\">\n                <div class=\"overlay-inner\">\n                    <div class=\"overlay-inner \">\n                        <h3 class=\"img-accordion-title\">Solidaridad y Empat\u00eda<\/h3>                        <p><p><span style=\"font-weight: 400;\">Incentivamos a las familias de nuestros integrantes para asegurar la sustentabilidad ecol\u00f3gica, social y econ\u00f3mica en ayuda, cooperaci\u00f3n e iniciativas para el crecimiento colectivo.<\/span><\/p><\/p>\n                    <\/div>\n                <\/div>\n            <\/div>\n            <\/a>\n                    \n            <a href=\"#\/\" class=\"eael-image-accordion-hover\" style=\"background-image: url(https:\/\/asoguabo.com.ec\/wp-content\/uploads\/2021\/09\/Cuidado-naturaleza-1.jpg);\"  tabindex=\"3\">\n            <div class=\"overlay\">\n                <div class=\"overlay-inner\">\n                    <div class=\"overlay-inner \">\n                        <h3 class=\"img-accordion-title\">Responsabilidad<\/h3>                        <p><p><span style=\"font-weight: 400;\">Aplicar Buenas Pr\u00e1cticas Agr\u00edcolas para no solo lograr mejores productos, sino tambi\u00e9n a mejores personas que realicen la gesti\u00f3n, desarrollo y elecci\u00f3n de tecnolog\u00edas con la visi\u00f3n de producir alimentos m\u00e1s saludables.<\/span><\/p><\/p>\n                    <\/div>\n                <\/div>\n            <\/div>\n            <\/a>\n                <\/div>\n        <style typr=\"text\/css\">\n                    #eael-img-accordion-2e8b65e .eael-image-accordion-hover:hover {\n                        flex: 3 1 0% !important;\n                    }\n                    #eael-img-accordion-2e8b65e .eael-image-accordion-hover:hover:hover .overlay-inner * {\n                        opacity: 1;\n                        visibility: visible;\n                        transform: none;\n                        transition: all .3s .3s;\n                    }\n                <\/style>\t\t<\/div>\n\t\t\t\t<\/div>\n\t\t\t\t\t<\/div>\n\t\t<\/div>\n\t\t\t\t\t\t\t<\/div>\n\t\t<\/section>\n\t\t\t\t\t\t<\/div>\n\t\t\t\t\t<\/div>\n\t\t","protected":false},"excerpt":{"rendered":"<p>NUESTRA VISI\u00d3N, MISI\u00d3N Y VALORES Visi\u00f3n En el 2025 la Asociaci\u00f3n de Peque\u00f1os Productores Bananeros El Guabo (APPBG) es y ser\u00e1 el l\u00edder mundial en la exportaci\u00f3n de banano en el mercado de comercio justo, controlando la log\u00edstica; diversificando su gama con otros productos tropicales, siendo un modelo de organizaci\u00f3n socio-empresarial con participaci\u00f3n en las [&hellip;]<\/p>\n","protected":false},"author":1,"featured_media":0,"parent":0,"menu_order":0,"comment_status":"closed","ping_status":"closed","template":"elementor_header_footer","meta":{"footnotes":""},"class_list":["post-212","page","type-page","status-publish","hentry"],"_links":{"self":[{"href":"https:\/\/asoguabo.com.ec\/index.php?rest_route=\/wp\/v2\/pages\/212","targetHints":{"allow":["GET"]}}],"collection":[{"href":"https:\/\/asoguabo.com.ec\/index.php?rest_route=\/wp\/v2\/pages"}],"about":[{"href":"https:\/\/asoguabo.com.ec\/index.php?rest_route=\/wp\/v2\/types\/page"}],"author":[{"embeddable":true,"href":"https:\/\/asoguabo.com.ec\/index.php?rest_route=\/wp\/v2\/users\/1"}],"replies":[{"embeddable":true,"href":"https:\/\/asoguabo.com.ec\/index.php?rest_route=%2Fwp%2Fv2%2Fcomments&post=212"}],"version-history":[{"count":319,"href":"https:\/\/asoguabo.com.ec\/index.php?rest_route=\/wp\/v2\/pages\/212\/revisions"}],"predecessor-version":[{"id":4811,"href":"https:\/\/asoguabo.com.ec\/index.php?rest_route=\/wp\/v2\/pages\/212\/revisions\/4811"}],"wp:attachment":[{"href":"https:\/\/asoguabo.com.ec\/index.php?rest_route=%2Fwp%2Fv2%2Fmedia&parent=212"}],"curies":[{"name":"wp","href":"https:\/\/api.w.org\/{rel}","templated":true}]}}