{"id":4771,"date":"2024-06-04T08:22:52","date_gmt":"2024-06-04T13:22:52","guid":{"rendered":"https:\/\/asoguabo.com.ec\/?page_id=4771"},"modified":"2024-06-28T08:03:03","modified_gmt":"2024-06-28T13:03:03","slug":"politica-de-privacidad-de-asoguabo","status":"publish","type":"page","link":"https:\/\/asoguabo.com.ec\/?page_id=4771","title":{"rendered":"Pol\u00edtica de Privacidad de Asoguabo"},"content":{"rendered":"\n<p>Al utilizar nuestros servicios, nos conf\u00edas tus datos. Entendemos que es una gran responsabilidad y nos esforzamos al m\u00e1ximo para proteger tu informaci\u00f3n y permitirte controlarla.<\/p>\n\n\n\n<p>El objetivo de esta Pol\u00edtica de Privacidad es informarte sobre qu\u00e9 datos recogemos, por qu\u00e9 los recogemos y c\u00f3mo puedes actualizarlos, gestionarlos, exportarlos y eliminarlos.<\/p>\n\n\n\n<p>ASOGUABO en conjunto a SOSNEGSA desarrollan los servicios de mensajer\u00eda v\u00eda SMS y WhatsApp que permiten que los usuarios interactuar e informarse de novedades referente enfocadas a la gesti\u00f3n y control agr\u00edcola. Estos servicios incluyen:<\/p>\n\n\n\n<ul class=\"wp-block-list\">\n<li>Envi\u00f3 de mensajer\u00eda de texto.<\/li>\n\n\n\n<li>Envi\u00f3, recepci\u00f3n y estados de mensajes con la utilizaci\u00f3n de la aplicaci\u00f3n WhatsApp FROM META.<\/li>\n<\/ul>\n\n\n\n<p>Puedes utilizar nuestros servicios de diferentes formas para gestionar tu privacidad. Por ejemplo, al recibir un mensaje puedes escribir STOP para detener \u00e9l envi\u00f3 de mensajes a tu n\u00famero celular en WhatsApp, puedes registrarte acerc\u00e1ndote a la administraci\u00f3n de ASOGUABO o contact\u00e1ndonos v\u00eda llamada celular o correo electr\u00f3nico que se encuentran en la p\u00e1gina principal. Si tienes alguna pregunta sobre esta Pol\u00edtica de Privacidad, puedes ponerte en contacto con nosotros.<\/p>\n\n\n\n<p><strong>Queremos informarte del tipo de datos que recogemos cuando utilizas nuestros servicios<\/strong><\/p>\n\n\n\n<p>Recogemos informaci\u00f3n para proporcionar los mejores servicios a todos nuestros usuarios: desde determinar informaci\u00f3n b\u00e1sica, como el idioma que hablas, hasta datos m\u00e1s complejos, como el momento que lees los mensajes o nos respondes. El tipo de informaci\u00f3n que recoge ASOGUABO en conjunto a SOSNEGSA depende del uso que hagas de nuestros servicios y de c\u00f3mo administres los controles de privacidad.<\/p>\n\n\n\n<p><strong>Informaci\u00f3n que recogemos cuando utilizas nuestros servicios<\/strong><\/p>\n\n\n\n<p>Entre la informaci\u00f3n que recogemos se incluyen la conversaci\u00f3n entre nuestro servicio de WhatsApp y tu n\u00famero de tel\u00e9fono. Tambi\u00e9n recogemos informaci\u00f3n sobre la interacci\u00f3n entre nuestro servicio de WhatsApp y tu n\u00famero de tel\u00e9fono.<\/p>\n\n\n\n<p>Recogemos esta informaci\u00f3n cuando nuestro servicio de mensaje establece una conversaci\u00f3n con tu n\u00famero de WhatsApp. Por ejemplo, esto se produce cuando te enviamos un mensaje de WhatsApp, lo leer o respondes al mismo.<\/p>\n\n\n\n<p><strong>Tu actividad<\/strong><\/p>\n\n\n\n<p>Recogemos informaci\u00f3n sobre tu actividad en nuestros servicios, que utilizamos para realizar acciones como continuar el servicio de mensajer\u00eda o detenerlo. A continuaci\u00f3n, te indicamos la informaci\u00f3n de actividad que podemos recoger:<\/p>\n\n\n\n<ul class=\"wp-block-list\">\n<li>Lectura de los mensajes recibidos desde nuestro servicio y n\u00famero de tel\u00e9fono.<\/li>\n\n\n\n<li>Calificaci\u00f3n del mensaje<\/li>\n\n\n\n<li>Las visualizaciones y las interacciones con el contenido de nuestros mensajes<\/li>\n\n\n\n<li>Informaci\u00f3n sobre voz y audio, en caso nos env\u00edes audio.<\/li>\n<\/ul>\n\n\n\n<p>\u00danicamente podemos recopilar informaci\u00f3n de la conversaci\u00f3n (chat) entre nuestro servicio y tu n\u00famero de celular.<\/p>\n\n\n\n<p>Utilizamos los datos para crear y mejorar los servicios<\/p>\n\n\n\n<p>Utilizamos la informaci\u00f3n que recogemos de todos nuestros servicios con las siguientes finalidades:<\/p>\n\n\n\n<ul class=\"wp-block-list\">\n<li>Prestar nuestros servicios: Utilizamos tu informaci\u00f3n para prestar nuestros servicios como, por ejemplo, procesamos los mensajes o respuestas que nos env\u00edas para poder devolverte resultados o la informaci\u00f3n que necesitas.<\/li>\n\n\n\n<li>Mantener y mejorar nuestros servicios: Tambi\u00e9n usamos tu informaci\u00f3n para garantizar que nuestros servicios funcionan correctamente como, por ejemplo, realizar un seguimiento de las interrupciones de nuestra conversaci\u00f3n o solucionar los problemas de los que nos informas. Tambi\u00e9n utilizamos tu informaci\u00f3n para mejorar nuestros servicios. Por ejemplo, conocer tus comentarios o respuestas.<\/li>\n\n\n\n<li>Desarrollar nuevos servicios: Utilizamos la informaci\u00f3n que recogemos de los servicios actuales para desarrollar otros nuevos.<\/li>\n<\/ul>\n\n\n\n<p>No te mostramos anuncios personalizados basados en categor\u00edas sensibles como, por ejemplo, la raza, la religi\u00f3n, la orientaci\u00f3n sexual o la salud.<\/p>\n\n\n\n<p>No te muestra anuncios personalizados basados en tus respuestas o comentarios.<\/p>\n\n\n\n<p>No compartimos informaci\u00f3n que te identifique personalmente (como tu nombre o tu n\u00famero celular) con los anunciantes, a menos que nos lo solicites.<\/p>\n\n\n\n<ul class=\"wp-block-list\">\n<li>Medir el rendimiento: Utilizamos datos para hacer anal\u00edticas y mediciones con el objetivo de comprender c\u00f3mo se utilizan nuestros servicios. Por ejemplo, analizamos datos de las vistas de nuestros mensajes o conversaciones, pero no recibimos respuesta para optimizar la interacci\u00f3n de los mensajes.<\/li>\n\n\n\n<li>Comunicarnos contigo: Utilizamos la informaci\u00f3n que recogemos, como tu n\u00famero de celular, para interactuar directamente contigo.<\/li>\n<\/ul>\n\n\n\n<p>Tambi\u00e9n podemos informarte sobre pr\u00f3ximos cambios o mejoras en nuestros servicios. Si te pones en contacto con ASOGUABO o SOSNEGA, guardaremos un registro de tu solicitud para ayudarte a solucionar los posibles problemas que puedas tener.<\/p>\n\n\n\n<p><strong>Proteger a nuestros usuarios y al p\u00fablico en general<\/strong><\/p>\n\n\n\n<p>Utilizamos la informaci\u00f3n para ayudar a mejorar la seguridad y fiabilidad de nuestros servicios. Esto incluye detectar, prevenir y responder frente a fraudes, abusos, riesgos de seguridad y problemas t\u00e9cnicos que puedan da\u00f1ar el servicio, a nuestros usuarios o al p\u00fablico en general.<\/p>\n\n\n\n<p>Utilizamos diferentes tecnolog\u00edas para procesar tu informaci\u00f3n con estos objetivos. Empleamos sistemas automatizados que env\u00edan mensajes lo receptan y dar respuesta a tu mensaje. Asimismo, analizamos tu contenido enviado a nuestro servicio o conversaci\u00f3n para poder detectar abusos, como spam, software malicioso y contenido ilegal.<\/p>\n\n\n\n<p>Podemos utilizar la informaci\u00f3n que recogemos en nuestros servicios y tus dispositivos para las finalidades descritas arriba.<\/p>\n\n\n\n<p>Te pediremos tu consentimiento antes de utilizar tu informaci\u00f3n con una finalidad que no se incluya en esta Pol\u00edtica de Privacidad.<\/p>\n\n\n\n<p><strong>Controles de privacidad<\/strong><\/p>\n\n\n\n<p>Puedes elegir qu\u00e9 el momento en que deseas detener las conversaciones.<\/p>\n\n\n\n<p>En esta secci\u00f3n, se describen los controles principales que te permiten gestionar la privacidad en todos nuestros servicios. Tambi\u00e9n puedes acceder a la revisi\u00f3n de privacidad para comprobar y modificar las opciones de privacidad importantes.<\/p>\n\n\n\n<ul class=\"wp-block-list\">\n<li>Detener el servicio: Env\u00edanos el mensaje de STOP en el momento que desees se detenga el servicio<\/li>\n\n\n\n<li>Reanudar el servicio: Env\u00edanos a nuestra \u00faltima conversaci\u00f3n STAR para reanudar el servicio de mensajer\u00eda.<\/li>\n\n\n\n<li>Las conversaciones: Entablaremos conversaci\u00f3n con tu n\u00famero de tel\u00e9fono con m\u00e1ximo 2 n\u00fameros registrados y validados por META, con la finalidad que reconozcas nuestros n\u00fameros siempre enviaremos un mensaje de bienvenida resumiendo el servicio, controles de privacidad y con el nombre ASOGUABO<\/li>\n<\/ul>\n\n\n\n<p><strong>Recomendaciones<\/strong><\/p>\n\n\n\n<p>Si deseas cambiar el numero el n\u00famero de tel\u00e9fono con el que nos ponemos en contacto contigo esto se puede hacer \u00fanicamente cuando te pongas en contacto directo con un administrador de ASOGUABO.<\/p>\n\n\n\n<p><strong>Exportar tus datos<\/strong><\/p>\n\n\n\n<p>Para exportar tu conversaci\u00f3n con nuestro servicio de mensajer\u00eda puedes ir a las opciones del chat y exportarlo utilizando la aplicaci\u00f3n de WhatsApp FROM META.<\/p>\n\n\n\n<p><strong>Eliminar tus conversaciones<\/strong><\/p>\n\n\n\n<p>Si eliminar los mensajes, conversaciones o chats efectuadas a nuestros n\u00fameros desde la aplicaci\u00f3n de WhatsApp FROM META ten en consideraci\u00f3n que estas pueden estar alojadas en nuestros servidores para solicitar la eliminaci\u00f3n definitiva de estos mensajes deber\u00e1s de solicitarlo a un administrador de ASOGUABO, los contactos los puedes encontrar en la p\u00e1gina principal del sitio web de ASOGUABO.<\/p>\n\n\n\n<p><strong>Consentimiento<\/strong><\/p>\n\n\n\n<p>Compartiremos tu informaci\u00f3n personal de forma externa a ASOGUABO o SOSNEGSA si contamos con tu consentimiento o bajo motivos legales.<\/p>\n\n\n\n<p><strong>Motivos legales<\/strong><\/p>\n\n\n\n<p>Compartiremos informaci\u00f3n personal de forma externa a ASOGUABO o SOSNEGSA si consideramos de buena fe que es razonablemente necesario revelar esos datos para:<\/p>\n\n\n\n<ul class=\"wp-block-list\">\n<li>Cumplir con cualquier requisito previsto en la ley o regulaci\u00f3n aplicables o para atender un proceso legal o una solicitud gubernamental de obligado cumplimiento. Puedes consultar la informaci\u00f3n sobre el n\u00famero y el tipo de solicitudes que recibimos de autoridades en el Informe de Noticias.<\/li>\n\n\n\n<li>Cumplir los T\u00e9rminos del Servicio aplicables, incluida la investigaci\u00f3n de posibles infracciones.<\/li>\n\n\n\n<li>Detectar, prevenir o solucionar de otra forma fraudes o problemas de seguridad o t\u00e9cnicos.<\/li>\n\n\n\n<li>Proteger a ASOGUABO, a SOSNEGSA, a nuestros usuarios y al p\u00fablico en general de da\u00f1os a sus derechos y bienes o a su seguridad.<\/li>\n\n\n\n<li>Es posible que compartamos informaci\u00f3n personal no identificable p\u00fablicamente y con nuestros partners, como desarrolladores o titulares de derechos<\/li>\n<\/ul>\n\n\n\n<p><strong>Proteger tu informaci\u00f3n<\/strong><\/p>\n\n\n\n<p>Integramos la seguridad en nuestros servicios para proteger la informaci\u00f3n de nuestros usuarios<\/p>\n\n\n\n<p>Nos esforzamos al m\u00e1ximo por proteger nuestro servicio y a nuestros usuarios de cualquier alteraci\u00f3n, divulgaci\u00f3n o destrucci\u00f3n no autorizadas de los datos que conservamos o del acceso no autorizado a esta informaci\u00f3n. Para ello:<\/p>\n\n\n\n<ul class=\"wp-block-list\">\n<li>Utilizamos la aplicaci\u00f3n legitima propiedad de META tal como WhatsApp o WhatsApp Business.<\/li>\n\n\n\n<li>Revisamos nuestras pr\u00e1cticas de recogida, almacenamiento y tratamiento de datos para evitar el acceso no autorizado a nuestros sistemas.<\/li>\n\n\n\n<li>Restringimos el acceso a la informaci\u00f3n personal para que solo puedan acceder a ella aquellos empleados, contratistas y agentes de ASOGUABO o SOSNEGSA que necesitan dicha informaci\u00f3n para procesarla. Todos los que tengan acceso a esta informaci\u00f3n est\u00e1n sujetos a estrictas obligaciones contractuales de confidencialidad y pueden ser sancionados o despedidos si no las cumplen.<\/li>\n<\/ul>\n\n\n\n<p><strong>Cumplimiento y cooperaci\u00f3n con autoridades reguladoras<\/strong><\/p>\n\n\n\n<p>Revisamos peri\u00f3dicamente esta Pol\u00edtica de Privacidad y nos aseguramos de tratar la informaci\u00f3n de conformidad con ella.<\/p>\n\n\n\n<p>Cuando recibimos reclamaciones formales por escrito, nos ponemos en contacto con la persona que ha hecho la reclamaci\u00f3n. Asimismo, trabajamos con las autoridades reguladoras competentes, incluidas autoridades locales de protecci\u00f3n de datos, para resolver cualquier reclamaci\u00f3n relacionada con la transferencia de datos que no hayamos podido solucionar directamente con los usuarios.<\/p>\n\n\n\n<p><strong>Informaci\u00f3n de contacto<\/strong><\/p>\n\n\n\n<p>Si tienes preguntas o dudas sobre esta Pol\u00edtica o los derechos que se describen en ella, puedes visitar nuestro sitio web de ASOGUABO. Adem\u00e1s, puedes contactar con administradores locales de ASOGUABO en planta.<\/p>\n\n\n\n<p>En el caso de todos nuestros usuarios, el responsable del tratamiento de su informaci\u00f3n personal es ASOGUABO, con direcci\u00f3n en Ecuador, El Oro, El Guabo v\u00eda Panamericana Sur y Quinta Oeste, salvo que se indique lo contrario en alg\u00fan aviso de privacidad espec\u00edfico de un servicio.<\/p>\n\n\n\n<p><strong>Informaci\u00f3n sobre esta pol\u00edtica<\/strong><\/p>\n\n\n\n<p>Cuando se aplica esta pol\u00edtica: Esta Pol\u00edtica de Privacidad se aplica a todos los servicios ofrecidos por ASOGUABO en conjunto con SOSNEGSA. Esta Pol\u00edtica de Privacidad no se aplica a los servicios que est\u00e9n sometidos a pol\u00edticas de privacidad independientes que no incorporen esta Pol\u00edtica de Privacidad.<\/p>\n\n\n\n<p>Esta Pol\u00edtica de Privacidad no se aplica a: Las pr\u00e1cticas de informaci\u00f3n de otras empresas y organizaciones que anuncian nuestros servicios<\/p>\n\n\n\n<p><strong>Cambios en esta pol\u00edtica<\/strong> Modificamos esta Pol\u00edtica de Privacidad de forma peri\u00f3dica. No limitaremos los derechos que se te hayan concedido de acuerdo con esta Pol\u00edtica de Privacidad sin tu consentimiento expl\u00edcito.<\/p>\n","protected":false},"excerpt":{"rendered":"<p>Al utilizar nuestros servicios, nos conf\u00edas tus datos. Entendemos que es una gran responsabilidad y nos esforzamos al m\u00e1ximo para proteger tu informaci\u00f3n y permitirte controlarla. El objetivo de esta Pol\u00edtica de Privacidad es informarte sobre qu\u00e9 datos recogemos, por qu\u00e9 los recogemos y c\u00f3mo puedes actualizarlos, gestionarlos, exportarlos y eliminarlos. ASOGUABO en conjunto a [&hellip;]<\/p>\n","protected":false},"author":1,"featured_media":0,"parent":0,"menu_order":0,"comment_status":"closed","ping_status":"open","template":"","meta":{"footnotes":""},"class_list":["post-4771","page","type-page","status-publish","hentry"],"_links":{"self":[{"href":"https:\/\/asoguabo.com.ec\/index.php?rest_route=\/wp\/v2\/pages\/4771","targetHints":{"allow":["GET"]}}],"collection":[{"href":"https:\/\/asoguabo.com.ec\/index.php?rest_route=\/wp\/v2\/pages"}],"about":[{"href":"https:\/\/asoguabo.com.ec\/index.php?rest_route=\/wp\/v2\/types\/page"}],"author":[{"embeddable":true,"href":"https:\/\/asoguabo.com.ec\/index.php?rest_route=\/wp\/v2\/users\/1"}],"replies":[{"embeddable":true,"href":"https:\/\/asoguabo.com.ec\/index.php?rest_route=%2Fwp%2Fv2%2Fcomments&post=4771"}],"version-history":[{"count":4,"href":"https:\/\/asoguabo.com.ec\/index.php?rest_route=\/wp\/v2\/pages\/4771\/revisions"}],"predecessor-version":[{"id":4849,"href":"https:\/\/asoguabo.com.ec\/index.php?rest_route=\/wp\/v2\/pages\/4771\/revisions\/4849"}],"wp:attachment":[{"href":"https:\/\/asoguabo.com.ec\/index.php?rest_route=%2Fwp%2Fv2%2Fmedia&parent=4771"}],"curies":[{"name":"wp","href":"https:\/\/api.w.org\/{rel}","templated":true}]}}