{"id":4780,"date":"2024-06-07T14:21:17","date_gmt":"2024-06-07T19:21:17","guid":{"rendered":"https:\/\/asoguabo.com.ec\/?page_id=4780"},"modified":"2024-06-07T14:21:18","modified_gmt":"2024-06-07T19:21:18","slug":"politica-de-gestion-en-control-y-seguridad-basc","status":"publish","type":"page","link":"https:\/\/asoguabo.com.ec\/?page_id=4780","title":{"rendered":"POL\u00cdTICA DE GESTI\u00d3N EN CONTROL Y SEGURIDAD BASC"},"content":{"rendered":"\n<p>La Asociaci\u00f3n de Peque\u00f1os Productores Bananeros \u201cEl Guabo\u201d ASOGUABO provee la mejor fruta tropical a los mercados internacionales, a trav\u00e9s del cumplimiento articulado de est\u00e1ndares reconocidos a nivel mundial en materia de buenas pr\u00e1cticas agr\u00edcolas, comercio justo y seguridad de la carga. ASOGUABO, se compromete mediante la presente pol\u00edtica de gesti\u00f3n en control y seguridad a mantener la integridad de sus procesos, prevenir delitos derivados de la corrupci\u00f3n, el soborno, el narcotr\u00e1fico, el lavado de activos y otros conexos que afecten la institucionalidad de nuestra asociaci\u00f3n. Aportando al desarrollo econ\u00f3mico del pa\u00eds y promoviendo el cumplimiento de requisitos legales y reglamentarios aplicables a nuestro sector, herramientas y m\u00e9todos para el cuidado y seguridad de la informaci\u00f3n y la mejora continua de nuestro SGCS BASC.<\/p>\n","protected":false},"excerpt":{"rendered":"<p>La Asociaci\u00f3n de Peque\u00f1os Productores Bananeros \u201cEl Guabo\u201d ASOGUABO provee la mejor fruta tropical a los mercados internacionales, a trav\u00e9s del cumplimiento articulado de est\u00e1ndares reconocidos a nivel mundial en materia de buenas pr\u00e1cticas agr\u00edcolas, comercio justo y seguridad de la carga. ASOGUABO, se compromete mediante la presente pol\u00edtica de gesti\u00f3n en control y seguridad [&hellip;]<\/p>\n","protected":false},"author":1,"featured_media":0,"parent":0,"menu_order":0,"comment_status":"closed","ping_status":"open","template":"","meta":{"footnotes":""},"class_list":["post-4780","page","type-page","status-publish","hentry"],"_links":{"self":[{"href":"https:\/\/asoguabo.com.ec\/index.php?rest_route=\/wp\/v2\/pages\/4780","targetHints":{"allow":["GET"]}}],"collection":[{"href":"https:\/\/asoguabo.com.ec\/index.php?rest_route=\/wp\/v2\/pages"}],"about":[{"href":"https:\/\/asoguabo.com.ec\/index.php?rest_route=\/wp\/v2\/types\/page"}],"author":[{"embeddable":true,"href":"https:\/\/asoguabo.com.ec\/index.php?rest_route=\/wp\/v2\/users\/1"}],"replies":[{"embeddable":true,"href":"https:\/\/asoguabo.com.ec\/index.php?rest_route=%2Fwp%2Fv2%2Fcomments&post=4780"}],"version-history":[{"count":1,"href":"https:\/\/asoguabo.com.ec\/index.php?rest_route=\/wp\/v2\/pages\/4780\/revisions"}],"predecessor-version":[{"id":4781,"href":"https:\/\/asoguabo.com.ec\/index.php?rest_route=\/wp\/v2\/pages\/4780\/revisions\/4781"}],"wp:attachment":[{"href":"https:\/\/asoguabo.com.ec\/index.php?rest_route=%2Fwp%2Fv2%2Fmedia&parent=4780"}],"curies":[{"name":"wp","href":"https:\/\/api.w.org\/{rel}","templated":true}]}}