{"id":4786,"date":"2024-06-08T08:07:29","date_gmt":"2024-06-08T13:07:29","guid":{"rendered":"https:\/\/asoguabo.com.ec\/?page_id=4786"},"modified":"2024-06-08T08:07:30","modified_gmt":"2024-06-08T13:07:30","slug":"terminos-del-servicio-de-asoguabo","status":"publish","type":"page","link":"https:\/\/asoguabo.com.ec\/?page_id=4786","title":{"rendered":"T\u00e9rminos del Servicio de Asoguabo"},"content":{"rendered":"\n<p><strong>Qu\u00e9 se trata en estos t\u00e9rminos<\/strong><\/p>\n\n\n\n<p>Estos T\u00e9rminos del Servicio reflejan la forma de trabajar de ASOGUABO como empresa, las leyes por las que nos regimos y determinados aspectos que siempre hemos cre\u00eddo que son ciertos. Por ello, estos T\u00e9rminos del Servicio ayudan a definir la relaci\u00f3n que tiene ASOGUABO contigo cuando interact\u00faas con nuestros servicios. Por ejemplo, estos t\u00e9rminos incluyen las siguientes secciones:<\/p>\n\n\n\n<ul class=\"wp-block-list\">\n<li>Qu\u00e9 puedes esperar de nosotros, donde se describe c\u00f3mo proporcionamos y desarrollamos nuestros servicios.<\/li>\n\n\n\n<li>Lo que esperamos de ti, donde se establecen ciertas reglas para utilizar nuestros servicios.<\/li>\n\n\n\n<li>Contenido en los servicios de ASOGUABO, donde se describen los derechos de propiedad intelectual relacionados con el contenido que aparece en nuestros servicios, ya sea propiedad tuya, de ASOGUABO o de terceros.<\/li>\n\n\n\n<li>En caso de problemas o discrepancias, donde se describen otros derechos legales que tienes y las consecuencias de infringir estos t\u00e9rminos.<\/li>\n<\/ul>\n\n\n\n<p>Es importante que entiendas estos t\u00e9rminos porque, al acceder a nuestros servicios o utilizarlos, aceptas estos t\u00e9rminos.<\/p>\n\n\n\n<p><strong>T\u00e9rminos<\/strong><\/p>\n\n\n\n<p><strong>Proveedor de servicios<\/strong><\/p>\n\n\n\n<p>Los servicios de ASOGUABO los proporciona y se contratan con:<\/p>\n\n\n\n<p>SOSNEGSA<\/p>\n\n\n\n<p>Empresa que se rige por las leyes estatales, gubernamentales y que opera bajo la legislaci\u00f3n ecuatoriana<\/p>\n\n\n\n<p>Sauces 8 mz 457 villa 1<\/p>\n\n\n\n<p>Guayaquil, Guayas, 090112<\/p>\n\n\n\n<p>Ecuador<\/p>\n\n\n\n<p><strong>Requisitos de edad m\u00ednima<\/strong><\/p>\n\n\n\n<p>El servicio de mensajer\u00eda que utilizamos es generalmente con nuestros colaboradores de campo o administrativos que siguiendo las pol\u00edticas contractuales ecuatorianas son mayores de edad, pero conocemos que muchos de nuestros campesinos no cuentan con una formaci\u00f3n acad\u00e9mica que les facilite gestionar las conversaciones, por consiguiente est\u00e1n en la libertad de solicitar ayuda a sus familiares o allegados mismos que pudieran ser menores de edad, considerando esto se debe contar con el permiso y acompa\u00f1amiento del tutor legal de la cuenta asociada a nuestros servicios para que de su consentimiento de lo conversado en nuestros servicios.<\/p>\n\n\n\n<p><strong>Tu relaci\u00f3n con ASOGUABO<\/strong><\/p>\n\n\n\n<p>Estos t\u00e9rminos ayudan a definir tu relaci\u00f3n con ASOGUABO. Cuando hablamos de \u00abASOGUABO\u00bb, \u00abnosotros\u00bb, \u00abnos\u00bb o \u00abnuestro\/a\u00bb, hacemos referencia a ASOGUABO y a sus entidades asociadas. A grandes rasgos, te damos permiso para que accedas a nuestros servicios y los utilices si aceptas cumplir estos t\u00e9rminos, que reflejan la forma en la que trabajamos como empresa y c\u00f3mo ganamos dinero.<\/p>\n\n\n\n<p><strong>Qu\u00e9 puedes esperar de nosotros<\/strong><\/p>\n\n\n\n<p>Ofrecemos hasta el momento 2 servicios:<\/p>\n\n\n\n<ul class=\"wp-block-list\">\n<li>Mensajer\u00eda v\u00eda SMS (En un solo sentido de nosotros para ti)<\/li>\n\n\n\n<li>Mensajer\u00eda v\u00eda WhatsApp FROM META (Bidireccional, conversaciones)<\/li>\n<\/ul>\n\n\n\n<p>Esperamos en un futuro ampliar nuestros servicios<\/p>\n\n\n\n<p>Si hacemos alg\u00fan cambio sustancial que impacte negativamente en tu uso de nuestros servicios, o si dejamos de ofrecer un servicio, te lo notificaremos con una antelaci\u00f3n razonable excepto en situaciones de urgencia, como en las que se busca prevenir abusos, cumplir con obligaciones legales o resolver problemas de seguridad y funcionamiento.<\/p>\n\n\n\n<p><strong>Lo que esperamos de ti<\/strong><\/p>\n\n\n\n<p>Cumple estos t\u00e9rminos y los t\u00e9rminos adicionales espec\u00edficos de los servicios que utilizas<\/p>\n\n\n\n<p>El permiso que te damos para que accedas a nuestros servicios y los utilices tiene vigencia mientras cumplas con:<\/p>\n\n\n\n<ul class=\"wp-block-list\">\n<li>Estos t\u00e9rminos<\/li>\n\n\n\n<li>Los t\u00e9rminos adicionales espec\u00edficos de los servicios, que pueden incluir, por ejemplo, requisitos de edad m\u00ednima adicionales<\/li>\n<\/ul>\n\n\n\n<p>Aunque te autorizamos a usar nuestros servicios, conservamos los derechos de propiedad intelectual sobre ellos.<\/p>\n\n\n\n<p><strong>Respeta a los dem\u00e1s<\/strong><\/p>\n\n\n\n<p>Queremos mantener un entorno respetuoso para todos y, por ello, debes seguir estas normas de conducta b\u00e1sicas:<\/p>\n\n\n\n<ul class=\"wp-block-list\">\n<li>Cumplir la legislaci\u00f3n aplicable, incluidas las leyes de control de exportaciones, las de sanciones y las de tr\u00e1fico de personas.<\/li>\n\n\n\n<li>Respetar los derechos de los dem\u00e1s, incluidos los de privacidad y propiedad intelectual.<\/li>\n\n\n\n<li>No abusar o causar da\u00f1os a otras personas ni a uno mismo (ni coaccionar o fomentar tales conductas), por ejemplo, mediante el enga\u00f1o, el fraude, la suplantaci\u00f3n ilegal, la difamaci\u00f3n, el acoso, la intimidaci\u00f3n o el hostigamiento.<\/li>\n<\/ul>\n\n\n\n<p><strong>No abuses de nuestros servicios<\/strong><\/p>\n\n\n\n<p>La mayor\u00eda de las personas que acceden a nuestros servicios o los utilizan conocen las normas generales que mantienen Internet como un espacio seguro y abierto. Lamentablemente, un n\u00famero reducido de personas no respeta dichas normas, por lo que las describimos aqu\u00ed para proteger nuestros servicios y a nuestros usuarios frente a abusos. En ese sentido:<\/p>\n\n\n\n<p>No debes abusar, da\u00f1ar, interferir ni interrumpir nuestros servicios o sistemas; por ejemplo, de estos modos:<\/p>\n\n\n\n<ul class=\"wp-block-list\">\n<li>introduciendo malware<\/li>\n\n\n\n<li>enviando spam, hackeando o eludiendo nuestros sistemas o medidas de protecci\u00f3n<\/li>\n\n\n\n<li>mediante jailbreaking, peticiones adversas o inyecci\u00f3n de peticiones<\/li>\n<\/ul>\n\n\n\n<p>accediendo o usando nuestros servicios o contenidos de formas fraudulentas o enga\u00f1osas, como:<\/p>\n\n\n\n<ul class=\"wp-block-list\">\n<li>phishing<\/li>\n\n\n\n<li>crear cuentas o contenido falsos<\/li>\n\n\n\n<li>proporcionar servicios que parecen provenir de ti (o de otra persona) cuando realmente los proporcionamos nosotros<\/li>\n\n\n\n<li>proporcionando servicios que parecen provenir de nosotros cuando no es as\u00ed<\/li>\n\n\n\n<li>usando nuestros servicios (incluido el contenido que proporcionen) para infringir derechos legales de cualquier otra persona, como los derechos de propiedad intelectual o de privacidad<\/li>\n\n\n\n<li>realizando ingenier\u00eda inversa de nuestros servicios o la tecnolog\u00eda subyacente, para extraer secretos comerciales u otra informaci\u00f3n de propiedad exclusiva, excepto en los casos permitidos por la legislaci\u00f3n aplicable<\/li>\n\n\n\n<li>utilizando medios automatizados para acceder al contenido de cualquiera de nuestros servicios incumpliendo las instrucciones legibles por m\u00e1quinas de nuestras p\u00e1ginas web (por ejemplo, archivos robots.txt que proh\u00edben el rastreo, el entrenamiento u otras actividades)<\/li>\n\n\n\n<li>ocultando o dando informaci\u00f3n enga\u00f1osa sobre tu identidad para infringir estos t\u00e9rminos<\/li>\n\n\n\n<li>ofreciendo servicios que animen a otros usuarios a infringir estos t\u00e9rminos<\/li>\n<\/ul>\n\n\n\n<p><strong>Permiso para usar tu contenido<\/strong><\/p>\n\n\n\n<p>Algunos de nuestros servicios se han dise\u00f1ado para que puedas subir, transferir, almacenar, enviar, recibir o compartir tu contenido. No tienes ninguna obligaci\u00f3n de proporcionar ning\u00fan contenido a nuestros servicios, y puedes elegir libremente el contenido que quieres facilitarnos. Si decides subir o compartir contenido, aseg\u00farate de que tienes los derechos necesarios para ello y de que dicho contenido no incumple la ley.<\/p>\n\n\n\n<p><strong>Licencia<\/strong><\/p>\n\n\n\n<p>Tu contenido sigue siendo tuyo, lo que significa que seguir\u00e1s siendo titular de los derechos de propiedad intelectual que tengas sobre \u00e9l. Por ejemplo, tienes derechos de propiedad intelectual sobre el contenido que creas, como los mensajes que escribes. O puede que tengas el derecho a compartir el contenido que otro usuario ha creado si te ha dado.<\/p>\n\n\n\n<p><strong>Usar los servicios de ASOGUABO<\/strong><\/p>\n\n\n\n<p>Si cumples con los requisitos de edad m\u00ednima, puedes crear una cuenta de WhatsApp siguiendo las pol\u00edticas establecidas por META.<\/p>\n\n\n\n<p>Eres responsable de lo que haces con tu cuenta de WhatsApp, y esto incluye tomar las medidas necesarias para mantener tu cuenta protegida.<\/p>\n\n\n\n<p>No puedes copiar, modificar, distribuir, vender ni alquilar ninguna parte de nuestros servicios o software.<\/p>\n\n\n\n<p><strong>Responsabilidades<\/strong><\/p>\n\n\n\n<p>Para todos los usuarios<\/p>\n\n\n\n<p>Tanto la ley como estos t\u00e9rminos intentan lograr un equilibrio respecto a lo que ASOGUABO o t\u00fa pod\u00e9is reclamaros mutuamente en caso de problemas. Por este motivo, la ley exige que todo el mundo se haga cargo de determinadas responsabilidades (pero no de otras) mediante los t\u00e9rminos de servicio antes descritos y las pol\u00edticas de privacidad.<\/p>\n\n\n\n<p><strong>Suspender o cancelar tu acceso a los servicios de ASOGUABO<\/strong><\/p>\n\n\n\n<p>Sin limitar ninguno de nuestros otros derechos, ASOGUABO puede suspender o cancelar tu acceso a los servicios en cualquiera de estos casos:<\/p>\n\n\n\n<ul class=\"wp-block-list\">\n<li>Incumples de forma sustancial o repetida estos t\u00e9rminos.<\/li>\n\n\n\n<li>Si estamos obligados a hacerlo para cumplir un requisito legal o una orden judicial.<\/li>\n\n\n\n<li>Si tenemos razones suficientes para creer que tu conducta (por ejemplo, hacking, suplantaci\u00f3n de identidad, acoso, env\u00edo de spam, enga\u00f1o o copia de contenido del que no eres el propietario) provoca da\u00f1os o incurre en responsabilidades para un usuario, un tercero o ASOGUABO.<\/li>\n<\/ul>\n\n\n\n<p>Si crees que nuestro servicio de mensajer\u00eda ha sido suspendido o cancelada por error, puedes apelar la decisi\u00f3n.<\/p>\n\n\n\n<p>Naturalmente, puedes dejar de usar nuestros servicios cuando quieras. Si lo haces, te agradecer\u00edamos que nos dijeras por qu\u00e9 para poder seguir mejorando los servicios.<\/p>\n\n\n\n<p><strong>Sobre estos t\u00e9rminos<\/strong><\/p>\n\n\n\n<p>La ley te otorga determinados derechos que no se pueden limitar mediante un contrato como los presentes t\u00e9rminos del servicio. El objetivo de los presentes t\u00e9rminos no es en ning\u00fan caso el de restringir estos derechos.<\/p>\n\n\n\n<p>Estos t\u00e9rminos describen la relaci\u00f3n entre t\u00fa y ASOGUABO. No crean ning\u00fan derecho legal para otras personas u organizaciones, aunque estas se vean beneficiadas por dicha relaci\u00f3n en virtud de los presentes t\u00e9rminos.<\/p>\n\n\n\n<p>ASOGUABO puede actualizar los presentes t\u00e9rminos y los t\u00e9rminos adicionales espec\u00edficos de sus servicios (1) para reflejar las modificaciones que se producen en sus servicios o en su forma de hacer negocios; por ejemplo, cuando a\u00f1ade servicios, funciones, tecnolog\u00edas, precios o ventajas (o elimina los que han quedado obsoletos); (2) por motivos legales, regulatorios o de seguridad; o (3) para evitar abusos o da\u00f1os. Si modificamos de forma sustancial estos t\u00e9rminos o t\u00e9rminos adicionales espec\u00edficos de los servicios, te lo notificaremos con la debida antelaci\u00f3n y te daremos la oportunidad de revisar los cambios, excepto (1) cuando lancemos un nuevo servicio o una nueva funci\u00f3n; o (2) en situaciones urgentes, como en las que se busca prevenir abusos continuados o responder a requisitos legales. Si no est\u00e1s conforme con los nuevos t\u00e9rminos, debes retirar tu contenido y dejar de usar los servicios correspondientes. T\u00fa tambi\u00e9n puedes poner fin en cualquier momento a la relaci\u00f3n que mantienes con nosotros deteniendo el servicio de mensajer\u00eda desde WhatsApp con la palabra STOP.<\/p>\n","protected":false},"excerpt":{"rendered":"<p>Qu\u00e9 se trata en estos t\u00e9rminos Estos T\u00e9rminos del Servicio reflejan la forma de trabajar de ASOGUABO como empresa, las leyes por las que nos regimos y determinados aspectos que siempre hemos cre\u00eddo que son ciertos. Por ello, estos T\u00e9rminos del Servicio ayudan a definir la relaci\u00f3n que tiene ASOGUABO contigo cuando interact\u00faas con nuestros [&hellip;]<\/p>\n","protected":false},"author":1,"featured_media":0,"parent":0,"menu_order":0,"comment_status":"closed","ping_status":"open","template":"","meta":{"footnotes":""},"class_list":["post-4786","page","type-page","status-publish","hentry"],"_links":{"self":[{"href":"https:\/\/asoguabo.com.ec\/index.php?rest_route=\/wp\/v2\/pages\/4786","targetHints":{"allow":["GET"]}}],"collection":[{"href":"https:\/\/asoguabo.com.ec\/index.php?rest_route=\/wp\/v2\/pages"}],"about":[{"href":"https:\/\/asoguabo.com.ec\/index.php?rest_route=\/wp\/v2\/types\/page"}],"author":[{"embeddable":true,"href":"https:\/\/asoguabo.com.ec\/index.php?rest_route=\/wp\/v2\/users\/1"}],"replies":[{"embeddable":true,"href":"https:\/\/asoguabo.com.ec\/index.php?rest_route=%2Fwp%2Fv2%2Fcomments&post=4786"}],"version-history":[{"count":1,"href":"https:\/\/asoguabo.com.ec\/index.php?rest_route=\/wp\/v2\/pages\/4786\/revisions"}],"predecessor-version":[{"id":4787,"href":"https:\/\/asoguabo.com.ec\/index.php?rest_route=\/wp\/v2\/pages\/4786\/revisions\/4787"}],"wp:attachment":[{"href":"https:\/\/asoguabo.com.ec\/index.php?rest_route=%2Fwp%2Fv2%2Fmedia&parent=4786"}],"curies":[{"name":"wp","href":"https:\/\/api.w.org\/{rel}","templated":true}]}}